{"id":67,"date":"2017-04-26T14:40:15","date_gmt":"2017-04-26T14:40:15","guid":{"rendered":"http:\/\/cargosolutionsgt.com\/web\/?page_id=67"},"modified":"2017-04-26T14:40:15","modified_gmt":"2017-04-26T14:40:15","slug":"servicios","status":"publish","type":"page","link":"https:\/\/cargosolutionsgt.com\/web\/servicios\/","title":{"rendered":"Servicios"},"content":{"rendered":"<ul>\n<li>Elaboraci\u00f3n y tr\u00e1mite de P\u00f3liza Aduana (EXPRESS AEREO ( Combex-IM Central de \u00a0aviaci\u00f3n)<\/li>\n<li>Elaboraci\u00f3n y tr\u00e1mite de P\u00f3lizas para Almacenadoras<\/li>\n<li>Elaboraci\u00f3n y Tramite de P\u00f3lizas Puerto Quetzal<\/li>\n<li>Elaboraci\u00f3n y Tramites de P\u00f3lizas SANTO TOMAS DE CASTILLO<\/li>\n<li>Tramite de Licencias de Exportaci\u00f3n y Elaboraci\u00f3n de P\u00f3liza<\/li>\n<li>Elaboraci\u00f3n de Requerimiento de Partidas<\/li>\n<li>Asesor\u00eda Aduanal<\/li>\n<li>Carga consolidada v\u00eda A\u00e9rea MIA-GUA, carga, Courier<\/li>\n<li>Transporte mar\u00edtimo<\/li>\n<li>Comprar por Internet<\/li>\n<\/ul>\n","protected":false},"excerpt":{"rendered":"<div class=\"slide-text-bg2\"><span>Elaboraci\u00f3n y tr\u00e1mite de P\u00f3liza Aduana (EXPRESS AEREO ( Combex-IM Central de \u00a0aviaci\u00f3n) Elaboraci\u00f3n y tr\u00e1mite de P\u00f3lizas para Almacenadoras Elabora<\/span><\/div>\n<div class=\"slide-btn-area-sm\"><a href=\"https:\/\/cargosolutionsgt.com\/web\/servicios\/\" class=\"slide-btn-sm\">Read More<\/a><\/div>\n","protected":false},"author":1,"featured_media":0,"parent":0,"menu_order":0,"comment_status":"closed","ping_status":"closed","template":"","meta":{"footnotes":""},"_links":{"self":[{"href":"https:\/\/cargosolutionsgt.com\/web\/wp-json\/wp\/v2\/pages\/67"}],"collection":[{"href":"https:\/\/cargosolutionsgt.com\/web\/wp-json\/wp\/v2\/pages"}],"about":[{"href":"https:\/\/cargosolutionsgt.com\/web\/wp-json\/wp\/v2\/types\/page"}],"author":[{"embeddable":true,"href":"https:\/\/cargosolutionsgt.com\/web\/wp-json\/wp\/v2\/users\/1"}],"replies":[{"embeddable":true,"href":"https:\/\/cargosolutionsgt.com\/web\/wp-json\/wp\/v2\/comments?post=67"}],"version-history":[{"count":1,"href":"https:\/\/cargosolutionsgt.com\/web\/wp-json\/wp\/v2\/pages\/67\/revisions"}],"predecessor-version":[{"id":69,"href":"https:\/\/cargosolutionsgt.com\/web\/wp-json\/wp\/v2\/pages\/67\/revisions\/69"}],"wp:attachment":[{"href":"https:\/\/cargosolutionsgt.com\/web\/wp-json\/wp\/v2\/media?parent=67"}],"curies":[{"name":"wp","href":"https:\/\/api.w.org\/{rel}","templated":true}]}}